{"id":316,"date":"2020-05-07T11:50:03","date_gmt":"2020-05-07T09:50:03","guid":{"rendered":"http:\/\/tamada.group\/?page_id=316"},"modified":"2024-11-09T14:38:18","modified_gmt":"2024-11-09T13:38:18","slug":"informacie-o-doprave","status":"publish","type":"page","link":"https:\/\/tamada.group\/et\/informacie-o-doprave\/","title":{"rendered":"Teave transpordi kohta"},"content":{"rendered":"<p><strong>Meie e-poest tellitud kaupade transport Euroopa Liidus on tasuta.<\/strong><\/p>\n<p>Tellimusi t\u00e4idetakse vastavalt kauba saadavusele. Laos olev kaup saadetakse 24 tunni jooksul. Kauba kohaletoimetamise aeg on umbes 2 p\u00e4eva. Kui m\u00f5ne etten\u00e4gematu probleemi t\u00f5ttu ei ole kaup laos v\u00f5i kohaletoimetamine v\u00f5ib kesta kauem kui 2 n\u00e4dalat, teavitame teid kohe e-posti v\u00f5i telefoni teel. Seej\u00e4rel saate otsustada, kas soovite kauba kohaletoimetamist oodata v\u00f5i t\u00fchistada tellimuse.<\/p>\n<p>Kaup on transportimisel turvaliselt pakitud ja kleebitud teibiga. Kaupa vastu v\u00f5ttes kontrollige alati pakendi ja kauba seisukorda. Kui kaup on kahjustatud, koostage koos kullerteenuse t\u00f6\u00f6tajaga kahjuhaldusprotokoll ja \u00e4rge v\u00f5tke kaupa vastu. Reklamatsiooni rahuldamise korral saadame teile tasuta uue toote.<\/p>\n<p><strong>Kullerteenus, saadetised EL-is<\/strong><\/p>\n<p>Kullerteenused toimetatakse kohale j\u00e4rgmisel t\u00f6\u00f6p\u00e4eval p\u00e4rast saadetise \u00fcleandmist kullerile. Kaup toimetatakse otse teie kodu v\u00f5i t\u00f6\u00f6koha aadressile. Ettetellitud saadetiste tasumine v\u00f5ib toimuda sularahas v\u00f5i kaardiga otse kullerile.<\/p>\n<p>Palun \u00e4rge unustage tellimust esitades lisada oma kontakttelefoninumber, et juhul, kui kuller ei leia teid kodust, saaks ta teiega kokkuleppele j\u00f5uda saadetise uue kohaletoimetamise aja osas. Kohaletoimetamiseks on kaks katset, p\u00e4rast mida saadetakse saadetis meile tagasi.<\/p>\n<p><strong>Isiklik \u00fcleandmine<\/strong><\/p>\n<p>Isiklik \u00fcleandmine on v\u00f5imalik TAMADA edasim\u00fc\u00fcjatelt erinevates kohtades EL-is, eelnevalt telefonitsi v\u00f5i e-posti teel kokkuleppel<\/p>","protected":false},"excerpt":{"rendered":"<p>Meie e-poest tellitud kaupade transport Euroopa Liidus on tasuta. Tellimusi t\u00e4idetakse vastavalt [&hellip;]<\/p>\n","protected":false},"author":2,"featured_media":0,"parent":0,"menu_order":0,"comment_status":"closed","ping_status":"closed","template":"","meta":{"footnotes":""},"class_list":["post-316","page","type-page","status-publish","hentry"],"_links":{"self":[{"href":"https:\/\/tamada.group\/et\/wp-json\/wp\/v2\/pages\/316"}],"collection":[{"href":"https:\/\/tamada.group\/et\/wp-json\/wp\/v2\/pages"}],"about":[{"href":"https:\/\/tamada.group\/et\/wp-json\/wp\/v2\/types\/page"}],"author":[{"embeddable":true,"href":"https:\/\/tamada.group\/et\/wp-json\/wp\/v2\/users\/2"}],"replies":[{"embeddable":true,"href":"https:\/\/tamada.group\/et\/wp-json\/wp\/v2\/comments?post=316"}],"version-history":[{"count":5,"href":"https:\/\/tamada.group\/et\/wp-json\/wp\/v2\/pages\/316\/revisions"}],"predecessor-version":[{"id":542,"href":"https:\/\/tamada.group\/et\/wp-json\/wp\/v2\/pages\/316\/revisions\/542"}],"wp:attachment":[{"href":"https:\/\/tamada.group\/et\/wp-json\/wp\/v2\/media?parent=316"}],"curies":[{"name":"wp","href":"https:\/\/api.w.org\/{rel}","templated":true}]}}