{"id":318,"date":"2020-05-07T11:50:48","date_gmt":"2020-05-07T09:50:48","guid":{"rendered":"http:\/\/tamada.group\/?page_id=318"},"modified":"2024-11-09T14:48:03","modified_gmt":"2024-11-09T13:48:03","slug":"privacy","status":"publish","type":"page","link":"https:\/\/tamada.group\/et\/privacy\/","title":{"rendered":"Privaatsus"},"content":{"rendered":"<p><strong>Isikuandmete t\u00f6\u00f6tlemise teave<\/strong><\/p>\n<p>Seoses Euroopa Parlamendi ja n\u00f5ukogu m\u00e4\u00e4rusega (EL) 2016\/679, 27. aprillist 2016, f\u00fc\u00fcsiliste isikute kaitse kohta isikuandmete t\u00f6\u00f6tlemisel ja selliste andmete vaba liikumise kohta, mis t\u00fchistab direktiivi 95\/46\/E\u00dc (\u00fcldine andmekaitsem\u00e4\u00e4rus) ning isikuandmete kaitse seadusega nr 18\/2018 t\u00e4idame oma teavitamiskohustuse seoses teie isikuandmete t\u00f6\u00f6tlemisega.<\/p>\n<p>Palun tutvuge j\u00e4rgmise teabega, kuidas me t\u00f6\u00f6tleme teie isikuandmeid.<\/p>\n<p><strong>Kes on teie isikuandmete vastutav t\u00f6\u00f6tleja?<\/strong><\/p>\n<p>Teie isikuandmete vastutav t\u00f6\u00f6tleja on TAMADA O\u00dc<br \/>\nKatusepapi 4, 114 12, Tallinn, Eesti<br \/>\nKMKR number: EE101918350<br \/>\nEttev\u00f5tte registrikood: 14108333<\/p>\n<p><strong>Miks ja millistel alustel me teie isikuandmeid t\u00f6\u00f6tleme?<\/strong><\/p>\n<p><strong>T\u00f6\u00f6tlemine lepingu ja eelnevate lepinguliste suhete alusel:<\/strong><\/p>\n<p>Seoses meie teenuste ja toodete tarnimisega on meil \u00f5igus t\u00f6\u00f6tleda teie isikuandmeid lepingulise v\u00f5i eelnevate lepinguliste suhete alusel ilma teie n\u00f5usolekuta.<\/p>\n<p>Teie poolt kontaktvormi t\u00e4itmise teel saadud isikuandmeid kasutatakse eelnevate lepinguliste suhete jaoks (nt hinnapakkumise taotlus, teenuste t\u00e4iendava spetsifikatsiooni taotlus, toote teave) ning meil on \u00f5igus neid t\u00f6\u00f6delda samuti ilma teie n\u00f5usolekuta.<\/p>\n<p>Teie isikuandmete esitamist n\u00f5utakse eelnevate lepinguliste ja lepinguliste suhete t\u00e4itmiseks. Kui keeldute oma isikuandmete esitamisest, ei ole v\u00f5imalik t\u00e4ita eesm\u00e4rki, see t\u00e4hendab teenuse v\u00f5i toote pakkumist v\u00f5i teie soovi t\u00e4itmist.<\/p>\n<p><strong>Kui kaua me teie isikuandmeid s\u00e4ilitame?<\/strong><\/p>\n<p>Me s\u00e4ilitame teie isikuandmeid kogu lepingu kehtivuse aja ning seaduses etten\u00e4htud aja jooksul nende arhiveerimiseks, \u00f5iguslike n\u00f5uete t\u00f5endamiseks v\u00f5i ajavahemiku jooksul, mis on vajalik eesm\u00e4rgi t\u00e4itmiseks.<\/p>\n<p>Kontaktvormi t\u00e4itmise teel saadud isikuandmeid eelnevate lepinguliste suhete eesm\u00e4rgil t\u00f6\u00f6deldakse ainult 1 aasta jooksul. Kui lepingut ei s\u00f5lmitud, siis andmed kustutatakse s\u00fcsteemist.<\/p>\n<p><strong>Millised \u00f5igused teil on seoses oma isikuandmete t\u00f6\u00f6tlemisega?<\/strong><\/p>\n<p><strong>N\u00f5usoleku tagasiv\u00f5tmine<\/strong> \u2013 Kui me t\u00f6\u00f6tleme teie isikuandmeid teie n\u00f5usoleku alusel, on teil \u00f5igus see n\u00f5usolek igal ajal tagasiv\u00f5tta. N\u00f5usoleku saab tagasiv\u00f5tta elektrooniliselt, vastutava isiku aadressil kirjalikult v\u00f5i isiklikult b\u00fcroos. N\u00f5usoleku tagasiv\u00f5tmine ei m\u00f5juta isikuandmete t\u00f6\u00f6tlemise seaduslikkust, mida oleme teie kohta t\u00f6\u00f6tlenud enne n\u00f5usoleku tagasiv\u00f5tmist.<\/p>\n<p><strong>\u00d5igus juurdep\u00e4\u00e4suks<\/strong> \u2013 Teil on \u00f5igus saada koopia oma isikuandmetest, mida meil on, samuti teavet selle kohta, kuidas me teie isikuandmeid kasutame. Enamikul juhtudel esitatakse teie isikuandmed kirjalikult, kui te ei soovi teistsugust esitamisviisi. Kui olete taotlenud nende andmete esitamist elektroonilisel teel, esitatakse need teile elektrooniliselt, kui see on tehniliselt v\u00f5imalik.<\/p>\n<p><strong>\u00d5igus parandusele<\/strong> \u2013 Me v\u00f5tame m\u00f5istlikud meetmed, et tagada meie valduses olevate teabe t\u00e4psus, t\u00e4ielikkus ja ajakohasus. Kui te arvate, et meie valduses olevad andmed on ebat\u00e4psed, puudulikud v\u00f5i aegunud, palun \u00e4rge k\u00f5helge meiega \u00fchendust v\u00f5tta, et neid andmeid muuta, ajakohastada v\u00f5i t\u00e4iendada.<\/p>\n<p><strong>\u00d5igus kustutamisele (\u00f5igus unustada)<\/strong> \u2013 Teil on \u00f5igus paluda meil kustutada teie isikuandmed, n\u00e4iteks juhul, kui me oleme teie kohta kogunud isikuandmeid, mida ei ole enam vaja t\u00f6\u00f6tlemise algse eesm\u00e4rgi t\u00e4itmiseks. Kuid teie \u00f5igus kustutamisele tuleb hinnata k\u00f5igi asjakohaste asjaolude alusel. N\u00e4iteks v\u00f5ivad meil olla teatud \u00f5iguslikud ja regulatiivsed kohustused, mis t\u00e4hendavad, et me ei saa teie taotlust t\u00e4ita.<\/p>\n<p><strong>\u00d5igus t\u00f6\u00f6tlemise piiramisele<\/strong> \u2013 Teatud asjaoludel on teil \u00f5igus paluda meil l\u00f5petada teie isikuandmete kasutamine. See v\u00f5ib juhtuda n\u00e4iteks siis, kui te arvate, et meie valduses olevad andmed on ebat\u00e4psed v\u00f5i kui arvate, et me ei vaja enam teie isikuandmete kasutamist.<\/p>\n<p><strong>\u00d5igus andmete \u00fclekandmisele<\/strong> \u2013 Teatud asjaoludel on teil \u00f5igus paluda meil \u00fcle kanda teie esitatud isikuandmed teisele kolmandale osapoolele, keda te valite. \u00d5igus andmete \u00fclekandmisele kehtib aga ainult nende isikuandmete kohta, mis oleme saanud teie n\u00f5usolekul v\u00f5i lepingul, mille te olete \u00fcks lepingupool.<\/p>\n<p><strong>\u00d5igus esitada vastuv\u00e4iteid<\/strong> \u2013 Teil on \u00f5igus esitada vastuv\u00e4iteid andmete t\u00f6\u00f6tlemisele, mis p\u00f5hineb meie \u00f5igustatud huvidel. Kui meil ei ole usaldusv\u00e4\u00e4rseid \u00f5igustatud huve t\u00f6\u00f6tlemiseks ja te esitame vastuv\u00e4ite, siis ei t\u00f6\u00f6tle me teie isikuandmeid enam edasi.<\/p>\n<p><strong>\u00d5igus esitada kaebus j\u00e4relevalveasutusele<\/strong> \u2013 Kui arvate, et teie isikuandmeid t\u00f6\u00f6deldakse ebaausalt v\u00f5i ebaseaduslikult, v\u00f5ite esitada kaebuse j\u00e4relevalveasutusele.<\/p>\n<p><strong>Kelle poole saate p\u00f6\u00f6rduda seoses oma isikuandmete t\u00f6\u00f6tlemisega?<\/strong><\/p>\n<p>Kui teil on k\u00fcsimusi v\u00f5i muresid seoses teie isikuandmete t\u00f6\u00f6tlemisega v\u00f5i kui soovite kasutada oma \u00f5igusi, palun kirjutage meile aadressil: <a rel=\"noopener\">info@tamada.group<\/a><\/p>\n<p>Uuendatud 1.1.2020<\/p>","protected":false},"excerpt":{"rendered":"<p>Isikuandmete t\u00f6\u00f6tlemise teave Seoses Euroopa Parlamendi ja n\u00f5ukogu m\u00e4\u00e4rusega (EL) 2016\/679, 27. [&hellip;]<\/p>\n","protected":false},"author":2,"featured_media":0,"parent":0,"menu_order":0,"comment_status":"closed","ping_status":"closed","template":"","meta":{"footnotes":""},"class_list":["post-318","page","type-page","status-publish","hentry"],"_links":{"self":[{"href":"https:\/\/tamada.group\/et\/wp-json\/wp\/v2\/pages\/318"}],"collection":[{"href":"https:\/\/tamada.group\/et\/wp-json\/wp\/v2\/pages"}],"about":[{"href":"https:\/\/tamada.group\/et\/wp-json\/wp\/v2\/types\/page"}],"author":[{"embeddable":true,"href":"https:\/\/tamada.group\/et\/wp-json\/wp\/v2\/users\/2"}],"replies":[{"embeddable":true,"href":"https:\/\/tamada.group\/et\/wp-json\/wp\/v2\/comments?post=318"}],"version-history":[{"count":5,"href":"https:\/\/tamada.group\/et\/wp-json\/wp\/v2\/pages\/318\/revisions"}],"predecessor-version":[{"id":544,"href":"https:\/\/tamada.group\/et\/wp-json\/wp\/v2\/pages\/318\/revisions\/544"}],"wp:attachment":[{"href":"https:\/\/tamada.group\/et\/wp-json\/wp\/v2\/media?parent=318"}],"curies":[{"name":"wp","href":"https:\/\/api.w.org\/{rel}","templated":true}]}}