{"id":45,"date":"2017-04-11T22:17:53","date_gmt":"2017-04-11T20:17:53","guid":{"rendered":"http:\/\/tamada.group\/?page_id=45"},"modified":"2026-04-24T14:40:18","modified_gmt":"2026-04-24T12:40:18","slug":"contact","status":"publish","type":"page","link":"https:\/\/tamada.group\/sk\/contact\/","title":{"rendered":"Kontakt"},"content":{"rendered":"<p><div class='content-column one_half'><p><strong>V\u00ddROBA:\u00a0 \u00a0 \u00a0 \u00a0 \u00a0 \u00a0 \u00a0 \u00a0 \u00a0 \u00a0 \u00a0 \u00a0 \u00a0 \u00a0 \u00a0<\/strong><br \/>\nTAMADA O\u00dc<br \/>\nKatusepapi 4<br \/>\n114 12 Tallinn<br \/>\nEst\u00f3nsko<\/p>\n<p>&nbsp;<\/p>\n<p><strong>PREDAJ:<\/strong><\/p>\n<p>TAMADA OG<\/p>\n<p>Hadikgasse 64<\/p>\n<p>1040 Viede\u0148<\/p>\n<p>Rak\u00fasko<\/p>\n<p>&nbsp;<\/p>\n<p><strong>Email:<\/strong>\u00a0<a href=\"mailto:info@tamada.group\">info@tamada.group<\/a><\/p><\/div><\/p>\n<div class='content-column one_half last_column'>\n<div class=\"wpcf7 no-js\" id=\"wpcf7-f8-o3\" lang=\"sk-SK\" dir=\"ltr\" data-wpcf7-id=\"8\">\n<div class=\"screen-reader-response\"><p role=\"status\" aria-live=\"polite\" aria-atomic=\"true\"><\/p> <ul><\/ul><\/div>\n<form action=\"\/sk\/wp-json\/wp\/v2\/pages\/45#wpcf7-f8-o3\" method=\"post\" class=\"wpcf7-form init\" aria-label=\"Kontaktn\u00fd formul\u00e1r\" novalidate=\"novalidate\" data-status=\"init\">\n<div style=\"display: none;\">\n<input type=\"hidden\" name=\"_wpcf7\" value=\"8\" \/>\n<input type=\"hidden\" name=\"_wpcf7_version\" value=\"6.0.6\" \/>\n<input type=\"hidden\" name=\"_wpcf7_locale\" value=\"sk_SK\" \/>\n<input type=\"hidden\" name=\"_wpcf7_unit_tag\" value=\"wpcf7-f8-o3\" \/>\n<input type=\"hidden\" name=\"_wpcf7_container_post\" value=\"0\" \/>\n<input type=\"hidden\" name=\"_wpcf7_posted_data_hash\" value=\"\" \/>\n<\/div>\n<p><label> Meno (*)<br \/>\n<span class=\"wpcf7-form-control-wrap\" data-name=\"your-name\"><input size=\"40\" maxlength=\"400\" class=\"wpcf7-form-control wpcf7-text wpcf7-validates-as-required\" aria-required=\"true\" aria-invalid=\"false\" value=\"\" type=\"text\" name=\"your-name\" \/><\/span> <\/label>\n<\/p>\n<p><label> Email (*)<br \/>\n<span class=\"wpcf7-form-control-wrap\" data-name=\"your-email\"><input size=\"40\" maxlength=\"400\" class=\"wpcf7-form-control wpcf7-email wpcf7-validates-as-required wpcf7-text wpcf7-validates-as-email\" aria-required=\"true\" aria-invalid=\"false\" value=\"\" type=\"email\" name=\"your-email\" \/><\/span> <\/label>\n<\/p>\n<p><label> Telef\u00f3n (*)<br \/>\n<span class=\"wpcf7-form-control-wrap\" data-name=\"text-864\"><input size=\"40\" maxlength=\"400\" class=\"wpcf7-form-control wpcf7-text wpcf7-validates-as-required\" aria-required=\"true\" aria-invalid=\"false\" value=\"\" type=\"text\" name=\"text-864\" \/><\/span><\/label>\n<\/p>\n<p><label> Spr\u00e1va<br \/>\n<span class=\"wpcf7-form-control-wrap\" data-name=\"your-message\"><textarea cols=\"40\" rows=\"10\" maxlength=\"2000\" class=\"wpcf7-form-control wpcf7-textarea\" aria-invalid=\"false\" name=\"your-message\"><\/textarea><\/span> <\/label>\n<\/p>\n<p>Odp\u00ed\u0161te k\u00f3d: <input type=\"hidden\" name=\"_wpcf7_captcha_challenge_captcha-170\" value=\"1531233073\" \/><img loading=\"lazy\" decoding=\"async\" class=\"wpcf7-form-control wpcf7-captchac wpcf7-captcha-captcha-170\" width=\"72\" height=\"24\" alt=\"captcha\" src=\"https:\/\/tamada.group\/wp-content\/uploads\/wpcf7_captcha\/1531233073.png\" \/><br \/>\n<span class=\"wpcf7-form-control-wrap\" data-name=\"captcha-170\"><input size=\"4\" maxlength=\"4\" class=\"wpcf7-form-control wpcf7-captchar\" autocomplete=\"off\" aria-invalid=\"false\" value=\"\" type=\"text\" name=\"captcha-170\" \/><\/span>\n<\/p>\n<p><input class=\"wpcf7-form-control wpcf7-submit has-spinner\" type=\"submit\" value=\"Odosla\u0165\" \/>\n<\/p><div class=\"wpcf7-response-output\" aria-hidden=\"true\"><\/div>\n<\/form>\n<\/div>\n<\/div><div class='clear_column'><\/div><\/p>","protected":false},"excerpt":{"rendered":"","protected":false},"author":2,"featured_media":0,"parent":0,"menu_order":0,"comment_status":"closed","ping_status":"closed","template":"","meta":{"footnotes":""},"class_list":["post-45","page","type-page","status-publish","hentry"],"_links":{"self":[{"href":"https:\/\/tamada.group\/sk\/wp-json\/wp\/v2\/pages\/45"}],"collection":[{"href":"https:\/\/tamada.group\/sk\/wp-json\/wp\/v2\/pages"}],"about":[{"href":"https:\/\/tamada.group\/sk\/wp-json\/wp\/v2\/types\/page"}],"author":[{"embeddable":true,"href":"https:\/\/tamada.group\/sk\/wp-json\/wp\/v2\/users\/2"}],"replies":[{"embeddable":true,"href":"https:\/\/tamada.group\/sk\/wp-json\/wp\/v2\/comments?post=45"}],"version-history":[{"count":29,"href":"https:\/\/tamada.group\/sk\/wp-json\/wp\/v2\/pages\/45\/revisions"}],"predecessor-version":[{"id":558,"href":"https:\/\/tamada.group\/sk\/wp-json\/wp\/v2\/pages\/45\/revisions\/558"}],"wp:attachment":[{"href":"https:\/\/tamada.group\/sk\/wp-json\/wp\/v2\/media?parent=45"}],"curies":[{"name":"wp","href":"https:\/\/api.w.org\/{rel}","templated":true}]}}