{"id":297,"date":"2020-05-05T15:38:05","date_gmt":"2020-05-05T13:38:05","guid":{"rendered":"http:\/\/tamada.group\/?post_type=product&#038;p=297"},"modified":"2025-09-25T21:42:15","modified_gmt":"2025-09-25T19:42:15","slug":"tamada-tgs-3000","status":"publish","type":"product","link":"https:\/\/tamada.group\/sk\/product\/tamada-tgs-3000\/","title":{"rendered":"TAMADA TGS 3000"},"content":{"rendered":"<p><strong>Nap\u00e4tie:<\/strong> 230 V<\/p>\n<p><strong>Max. v\u00fdkon 1 f\u00e1zov\u00e9 nap\u00e4tie:<\/strong> 3000 W<\/p>\n<p><strong>Max. v\u00fdkon 3 f\u00e1zov\u00e9 nap\u00e4tie:<\/strong> &#8212;&#8212;<\/p>\n<p><strong>Menovit\u00fd v\u00fdkon 1 f\u00e1zov\u00e9 nap\u00e4tie: <\/strong>2700 W<\/p>\n<p><strong>Menovit\u00fd v\u00fdkon 3 f\u00e1zov\u00e9 nap\u00e4tie:<\/strong> &#8212;&#8212;<\/p>\n<p><strong>Frekvencia:<\/strong> 50 Hz<\/p>\n<p><strong>Krytie:<\/strong> IP23<\/p>\n<p><strong>Motor:<\/strong> Honda<\/p>\n<p><strong>Model:<\/strong> GX 200<\/p>\n<p><strong>Typ:<\/strong> 4 takt\/OHV<\/p>\n<p><strong>V\u00fdkon motoru:<\/strong> 5,5 k<\/p>\n<p><strong>Syst\u00e9m \u0161tartu:<\/strong> Ru\u010dn\u00fd<\/p>\n<p><strong>N\u00e1dr\u017e:<\/strong> 3,1 litra<\/p>\n<p><strong>Spotreba:<\/strong> 1,3 l \/ h<\/p>\n<p><strong>Altern\u00e1tor:<\/strong> Synchr\u00f3nny, LINZ\/SINCRO<\/p>\n<p><strong>Typ regul\u00e1cie:<\/strong> Kapacitn\u00e1<\/p>\n<p><strong>Pribli\u017en\u00e9 rozmery v mm (d\u013a\u017eka x \u0161\u00edrka x v\u00fd\u0161ka):<\/strong> 585 x 400 x 412<\/p>\n<p><strong>Pribli\u017en\u00e1 hmotnos\u0165:<\/strong> 36 kg<\/p>\n<p>&nbsp;<\/p>","protected":false},"excerpt":{"rendered":"<p>&nbsp;<\/p>\n<p>Jednof\u00e1zov\u00e1 elektrocentr\u00e1la bez AVR, motor Honda GX200 s maxim\u00e1lnym v\u00fdkonom 3000 W.<\/p>\n","protected":false},"featured_media":267,"template":"","meta":[],"product_cat":[17],"product_tag":[],"class_list":["post-297","product","type-product","status-publish","has-post-thumbnail","hentry","product_cat-single-phase-generators"],"_links":{"self":[{"href":"https:\/\/tamada.group\/sk\/wp-json\/wp\/v2\/product\/297"}],"collection":[{"href":"https:\/\/tamada.group\/sk\/wp-json\/wp\/v2\/product"}],"about":[{"href":"https:\/\/tamada.group\/sk\/wp-json\/wp\/v2\/types\/product"}],"wp:featuredmedia":[{"embeddable":true,"href":"https:\/\/tamada.group\/sk\/wp-json\/wp\/v2\/media\/267"}],"wp:attachment":[{"href":"https:\/\/tamada.group\/sk\/wp-json\/wp\/v2\/media?parent=297"}],"wp:term":[{"taxonomy":"product_cat","embeddable":true,"href":"https:\/\/tamada.group\/sk\/wp-json\/wp\/v2\/product_cat?post=297"},{"taxonomy":"product_tag","embeddable":true,"href":"https:\/\/tamada.group\/sk\/wp-json\/wp\/v2\/product_tag?post=297"}],"curies":[{"name":"wp","href":"https:\/\/api.w.org\/{rel}","templated":true}]}}