{"id":358,"date":"2020-05-27T20:51:45","date_gmt":"2020-05-27T18:51:45","guid":{"rendered":"http:\/\/tamada.group\/?post_type=product&#038;p=358"},"modified":"2025-09-25T21:45:04","modified_gmt":"2025-09-25T19:45:04","slug":"tamada-tgs-6200","status":"publish","type":"product","link":"https:\/\/tamada.group\/sk\/product\/tamada-tgs-6200\/","title":{"rendered":"TAMADA TGS 6200"},"content":{"rendered":"<p><strong>Nap\u00e4tie:<\/strong> 230 V<\/p>\n<p><strong>Max. v\u00fdkon 1 f\u00e1zov\u00e9 nap\u00e4tie:<\/strong> 6200 W<\/p>\n<p><strong>Max. v\u00fdkon 3 f\u00e1zov\u00e9 nap\u00e4tie:<\/strong> &#8212;&#8212;<\/p>\n<p><strong>Menovit\u00fd v\u00fdkon 1 f\u00e1zov\u00e9 nap\u00e4tie:<\/strong> 5600 W<\/p>\n<p><strong>Menovit\u00fd v\u00fdkon 3 f\u00e1zov\u00e9 nap\u00e4tie:<\/strong> &#8212;&#8212;<\/p>\n<p><strong>Frekvencia:<\/strong> 50 Hz<\/p>\n<p><strong>Krytie:<\/strong> IP23<\/p>\n<p><strong>Motor:<\/strong> Honda<\/p>\n<p><strong>Model:<\/strong> GX 390<\/p>\n<p><strong>Typ:<\/strong> 4 takt\/OHV<\/p>\n<p><strong>V\u00fdkon motoru:<\/strong> 13 k<\/p>\n<p><strong>Syst\u00e9m \u0161tartu:<\/strong> Ru\u010dn\u00fd<\/p>\n<p><strong>N\u00e1dr\u017e:<\/strong> 6,2 litra<\/p>\n<p><strong>Spotreba:<\/strong> 2,6 l \/ h<\/p>\n<p><strong>Altern\u00e1tor:<\/strong> Synchr\u00f3nny, LINZ\/SINCRO<\/p>\n<p><strong>Typ regul\u00e1cie:<\/strong> Kapacitn\u00e1<\/p>\n<p><strong>Pribli\u017en\u00e9 rozmery v mm (d\u013a\u017eka x \u0161\u00edrka x v\u00fd\u0161ka):<\/strong> 795 x 590 x 510<\/p>\n<p><strong>Pribli\u017en\u00e1 hmotnos\u0165:<\/strong> 69 kg<\/p>\n<p>&nbsp;<\/p>","protected":false},"excerpt":{"rendered":"<p>Jednof\u00e1zov\u00e1 elektrocentr\u00e1la, motor Honda GX390 s maxim\u00e1lnym v\u00fdkonom 6200 W<\/p>\n","protected":false},"featured_media":359,"template":"","meta":[],"product_cat":[17],"product_tag":[],"class_list":["post-358","product","type-product","status-publish","has-post-thumbnail","hentry","product_cat-single-phase-generators"],"_links":{"self":[{"href":"https:\/\/tamada.group\/sk\/wp-json\/wp\/v2\/product\/358"}],"collection":[{"href":"https:\/\/tamada.group\/sk\/wp-json\/wp\/v2\/product"}],"about":[{"href":"https:\/\/tamada.group\/sk\/wp-json\/wp\/v2\/types\/product"}],"wp:featuredmedia":[{"embeddable":true,"href":"https:\/\/tamada.group\/sk\/wp-json\/wp\/v2\/media\/359"}],"wp:attachment":[{"href":"https:\/\/tamada.group\/sk\/wp-json\/wp\/v2\/media?parent=358"}],"wp:term":[{"taxonomy":"product_cat","embeddable":true,"href":"https:\/\/tamada.group\/sk\/wp-json\/wp\/v2\/product_cat?post=358"},{"taxonomy":"product_tag","embeddable":true,"href":"https:\/\/tamada.group\/sk\/wp-json\/wp\/v2\/product_tag?post=358"}],"curies":[{"name":"wp","href":"https:\/\/api.w.org\/{rel}","templated":true}]}}