{"id":365,"date":"2020-05-27T21:33:04","date_gmt":"2020-05-27T19:33:04","guid":{"rendered":"http:\/\/tamada.group\/?post_type=product&#038;p=365"},"modified":"2025-09-25T21:52:20","modified_gmt":"2025-09-25T19:52:20","slug":"tamada-tgt-8500","status":"publish","type":"product","link":"https:\/\/tamada.group\/sk\/product\/tamada-tgt-8500\/","title":{"rendered":"TAMADA TGT 8500"},"content":{"rendered":"<p><strong>Nap\u00e4tie:<\/strong> 400 V \/230 V<\/p>\n<p><strong>Max. v\u00fdkon 1 f\u00e1zov\u00e9 nap\u00e4tie:<\/strong> 6200 W<\/p>\n<p><strong>Max. v\u00fdkon 3 f\u00e1zov\u00e9 nap\u00e4tie:<\/strong> 8700 VA<\/p>\n<p><strong>Menovit\u00fd v\u00fdkon 1 f\u00e1zov\u00e9 nap\u00e4tie:<\/strong> 5600 W<\/p>\n<p><strong>Menovit\u00fd v\u00fdkon 3 f\u00e1zov\u00e9 nap\u00e4tie:<\/strong> 7800 VA<\/p>\n<p><strong>Frekvencia:<\/strong> 50 Hz<\/p>\n<p><strong>Krytie:<\/strong> IP23<\/p>\n<p><strong>Motor:<\/strong> Honda<\/p>\n<p><strong>Model:<\/strong> GX 390<\/p>\n<p><strong>Typ:<\/strong> 4 takt\/OHV<\/p>\n<p><strong>V\u00fdkon motoru:<\/strong> 13 k<\/p>\n<p><strong>Syst\u00e9m \u0161tartu:<\/strong> Ru\u010dn\u00fd<\/p>\n<p><strong>N\u00e1dr\u017e:<\/strong> 6,2 litra<\/p>\n<p><strong>Spotreba:<\/strong> 2,7 l \/ h<\/p>\n<p><strong>Altern\u00e1tor:<\/strong> Synchr\u00f3nny, LINZ\/MECC ALTE<\/p>\n<p><strong>Typ regul\u00e1cie:<\/strong> Kapacitn\u00e1<\/p>\n<p><strong>Pribli\u017en\u00e9 rozmery v mm (d\u013a\u017eka x \u0161\u00edrka x v\u00fd\u0161ka):<\/strong> 795 x 590 x 510<\/p>\n<p><strong>Pribli\u017en\u00e1 hmotnos\u0165:<\/strong> 83 kg<\/p>\n<p>&nbsp;<\/p>","protected":false},"excerpt":{"rendered":"<p>Trojf\u00e1zov\u00e1 elektrocentr\u00e1la, motor Honda GX390 s maxim\u00e1lnym v\u00fdkonom 8700 VA<\/p>\n","protected":false},"featured_media":359,"template":"","meta":[],"product_cat":[19],"product_tag":[],"class_list":["post-365","product","type-product","status-publish","has-post-thumbnail","hentry","product_cat-three-phase-generators"],"_links":{"self":[{"href":"https:\/\/tamada.group\/sk\/wp-json\/wp\/v2\/product\/365"}],"collection":[{"href":"https:\/\/tamada.group\/sk\/wp-json\/wp\/v2\/product"}],"about":[{"href":"https:\/\/tamada.group\/sk\/wp-json\/wp\/v2\/types\/product"}],"wp:featuredmedia":[{"embeddable":true,"href":"https:\/\/tamada.group\/sk\/wp-json\/wp\/v2\/media\/359"}],"wp:attachment":[{"href":"https:\/\/tamada.group\/sk\/wp-json\/wp\/v2\/media?parent=365"}],"wp:term":[{"taxonomy":"product_cat","embeddable":true,"href":"https:\/\/tamada.group\/sk\/wp-json\/wp\/v2\/product_cat?post=365"},{"taxonomy":"product_tag","embeddable":true,"href":"https:\/\/tamada.group\/sk\/wp-json\/wp\/v2\/product_tag?post=365"}],"curies":[{"name":"wp","href":"https:\/\/api.w.org\/{rel}","templated":true}]}}