{"id":371,"date":"2020-05-28T23:18:21","date_gmt":"2020-05-28T21:18:21","guid":{"rendered":"http:\/\/tamada.group\/?post_type=product&#038;p=371"},"modified":"2025-09-25T21:58:32","modified_gmt":"2025-09-25T19:58:32","slug":"tamada-tgat-20500","status":"publish","type":"product","link":"https:\/\/tamada.group\/sk\/product\/tamada-tgat-20500\/","title":{"rendered":"TAMADA TGAT 20500"},"content":{"rendered":"<p><strong>Nap\u00e4tie:<\/strong> 400 V \/230 V<\/p>\n<p><strong>Max. v\u00fdkon 1 f\u00e1zov\u00e9 nap\u00e4tie:<\/strong> 9800 W<\/p>\n<p><strong>Max. v\u00fdkon 3 f\u00e1zov\u00e9 nap\u00e4tie:<\/strong> 20000 VA<\/p>\n<p><strong>Menovit\u00fd v\u00fdkon 1 f\u00e1zov\u00e9 nap\u00e4tie:<\/strong> 9000 W<\/p>\n<p><strong>Menovit\u00fd v\u00fdkon 3 f\u00e1zov\u00e9 nap\u00e4tie:<\/strong> 18000 VA<\/p>\n<p><strong>Frekvencia:<\/strong> 50 Hz<\/p>\n<p><strong>Krytie:<\/strong> IP23<\/p>\n<p><strong>Motor:<\/strong> VANGUARD<\/p>\n<p><strong>Model:<\/strong> 5434<\/p>\n<p><strong>Typ:<\/strong> 4 takt\/OHV<\/p>\n<p><strong>V\u00fdkon motoru:<\/strong> 31 k<\/p>\n<p><strong>Syst\u00e9m \u0161tartu:<\/strong> Elektrick\u00fd<\/p>\n<p><strong>N\u00e1dr\u017e:<\/strong> 43 litrov<\/p>\n<p><strong>Spotreba:<\/strong> 6,3 l \/ h<\/p>\n<p><strong>Altern\u00e1tor:<\/strong> Synchr\u00f3nny, LINZ\/MECC ALTE<\/p>\n<p><strong>Typ regul\u00e1cie:<\/strong> AVR\/DVR<\/p>\n<p><strong>Pribli\u017en\u00e9 rozmery v mm (d\u013a\u017eka x \u0161\u00edrka x v\u00fd\u0161ka):<\/strong> 915 x 580 x 900<\/p>\n<p><strong>Pribli\u017en\u00e1 hmotnos\u0165:<\/strong> 157 kg<\/p>\n<p>&nbsp;<\/p>","protected":false},"excerpt":{"rendered":"<p>Trojf\u00e1zov\u00e1 elektrocentr\u00e1la s ve\u013ekou n\u00e1dr\u017eou s AVR, motor VANGUARD 5434 s maxim\u00e1lnym v\u00fdkonom 20000 VA<\/p>\n","protected":false},"featured_media":529,"template":"","meta":[],"product_cat":[21],"product_tag":[],"class_list":["post-371","product","type-product","status-publish","has-post-thumbnail","hentry","product_cat-three-phase-generators-with-avr-in-a-large-design"],"_links":{"self":[{"href":"https:\/\/tamada.group\/sk\/wp-json\/wp\/v2\/product\/371"}],"collection":[{"href":"https:\/\/tamada.group\/sk\/wp-json\/wp\/v2\/product"}],"about":[{"href":"https:\/\/tamada.group\/sk\/wp-json\/wp\/v2\/types\/product"}],"wp:featuredmedia":[{"embeddable":true,"href":"https:\/\/tamada.group\/sk\/wp-json\/wp\/v2\/media\/529"}],"wp:attachment":[{"href":"https:\/\/tamada.group\/sk\/wp-json\/wp\/v2\/media?parent=371"}],"wp:term":[{"taxonomy":"product_cat","embeddable":true,"href":"https:\/\/tamada.group\/sk\/wp-json\/wp\/v2\/product_cat?post=371"},{"taxonomy":"product_tag","embeddable":true,"href":"https:\/\/tamada.group\/sk\/wp-json\/wp\/v2\/product_tag?post=371"}],"curies":[{"name":"wp","href":"https:\/\/api.w.org\/{rel}","templated":true}]}}