{"id":477,"date":"2022-11-09T15:14:52","date_gmt":"2022-11-09T14:14:52","guid":{"rendered":"https:\/\/tamada.group\/?post_type=product&#038;p=477"},"modified":"2024-05-24T10:11:11","modified_gmt":"2024-05-24T08:11:11","slug":"tamada-tgk-4000-petrol-generator","status":"publish","type":"product","link":"https:\/\/tamada.group\/sk\/product\/tamada-tgk-4000-petrol-generator\/","title":{"rendered":"TAMADA TGK 4000 &#8211; benz\u00ednov\u00e1 elektrocentr\u00e1la"},"content":{"rendered":"<p><strong>Nap\u00e4tie:<\/strong> 230 V<\/p>\n<p><strong>Max. v\u00fdkon 1 f\u00e1zov\u00e9 nap\u00e4tie:<\/strong> 4000 W<\/p>\n<p><strong>Max. v\u00fdkon 3 f\u00e1zov\u00e9 nap\u00e4tie:<\/strong> &#8212;&#8212;<\/p>\n<p><strong>Menovit\u00fd v\u00fdkon 1 f\u00e1zov\u00e9 nap\u00e4tie: <\/strong>3600 W<\/p>\n<p><strong>Menovit\u00fd v\u00fdkon 3 f\u00e1zov\u00e9 nap\u00e4tie:<\/strong> &#8212;&#8212;<\/p>\n<p><strong>Frekvencia:<\/strong> 50 Hz<\/p>\n<p><strong>Krytie:<\/strong> IP23<\/p>\n<p><strong>Motor:<\/strong> KIRSCH energy<\/p>\n<p><strong>Model:<\/strong> KE22300<\/p>\n<p><strong>Typ:<\/strong> 4 takt\/OHV<\/p>\n<p><strong>V\u00fdkon motoru:<\/strong> 12 k<\/p>\n<p><strong>Syst\u00e9m \u0161tartu:<\/strong> Ru\u010dn\u00fd<\/p>\n<p><strong>N\u00e1dr\u017e:<\/strong> 5,4 litra<\/p>\n<p><strong>Spotreba:<\/strong> 2,2 l \/ h<\/p>\n<p><strong>Altern\u00e1tor:<\/strong> Synchr\u00f3nny, LINZ\/SINCRO<\/p>\n<p><strong>Typ regul\u00e1cie:<\/strong> Kapacitn\u00e1<\/p>\n<p><strong>Pribli\u017en\u00e9 rozmery v mm (d\u013a\u017eka x \u0161\u00edrka x v\u00fd\u0161ka):<\/strong> 650 x 520 x 490<\/p>\n<p><strong>Pribli\u017en\u00e1 hmotnos\u0165:<\/strong> 53 kg<\/p>\n<p>&nbsp;<\/p>","protected":false},"excerpt":{"rendered":"<p>&nbsp;<\/p>\n<p>Jednof\u00e1zov\u00e1 elektrocentr\u00e1la s maxim\u00e1lnym v\u00fdkonom 3000 W a motorom KIRSCH KE22210.<\/p>\n","protected":false},"featured_media":425,"template":"","meta":[],"product_cat":[17],"product_tag":[],"class_list":["post-477","product","type-product","status-publish","has-post-thumbnail","hentry","product_cat-single-phase-generators"],"_links":{"self":[{"href":"https:\/\/tamada.group\/sk\/wp-json\/wp\/v2\/product\/477"}],"collection":[{"href":"https:\/\/tamada.group\/sk\/wp-json\/wp\/v2\/product"}],"about":[{"href":"https:\/\/tamada.group\/sk\/wp-json\/wp\/v2\/types\/product"}],"wp:featuredmedia":[{"embeddable":true,"href":"https:\/\/tamada.group\/sk\/wp-json\/wp\/v2\/media\/425"}],"wp:attachment":[{"href":"https:\/\/tamada.group\/sk\/wp-json\/wp\/v2\/media?parent=477"}],"wp:term":[{"taxonomy":"product_cat","embeddable":true,"href":"https:\/\/tamada.group\/sk\/wp-json\/wp\/v2\/product_cat?post=477"},{"taxonomy":"product_tag","embeddable":true,"href":"https:\/\/tamada.group\/sk\/wp-json\/wp\/v2\/product_tag?post=477"}],"curies":[{"name":"wp","href":"https:\/\/api.w.org\/{rel}","templated":true}]}}